{"id":12,"date":"2022-07-04T06:38:12","date_gmt":"2022-07-04T06:38:12","guid":{"rendered":"https:\/\/letnyuver.sk\/?page_id=12"},"modified":"2022-07-04T07:04:14","modified_gmt":"2022-07-04T07:04:14","slug":"ziadost","status":"publish","type":"page","link":"https:\/\/letnyuver.sk\/","title":{"rendered":"\u017diados\u0165"},"content":{"rendered":"<script id=\"formJson\" type=\"application\/json\"><\/script><div class=\"form\" id=\"221\">\n<form action=\"\" id=\"ziadost\" accept-charset=\"UTF-8\" method=\"POST\">\n<input type=\"hidden\" name=\"next_step\" value=\"validate\" \/>\n<input type=\"hidden\" name=\"utmt\" value=\"tp69fdc40eead6e|||||1778238478\" \/>\n<input type=\"hidden\" name=\"adw\" value=\"\" \/>\n<input type=\"hidden\" name=\"partner\" value=\"\" \/>\n<input type=\"hidden\" name=\"screen_code\" value=\"1\" \/>\n<input id=\"client_id\" type=\"hidden\" name=\"client_id\" value=\"N\/A\"><input type=\"hidden\" name=\"storelevel\" value=\"all\" \/>\n<input type=\"hidden\" name=\"id_vyhlasenie_mark_tm\" value=\"49\" \/>\n<input type=\"hidden\" name=\"id_vyhlasenie_external\" value=\"56\" \/>\n<input type=\"hidden\" name=\"device_type\" value=\"other\" \/>\n<input type=\"hidden\" name=\"device_name\" value=\"WebKit\" \/>\n<input type=\"hidden\" name=\"device_os\" value=\"\" \/>\n<input type=\"hidden\" name=\"device_browser\" value=\"Mozilla\" \/>\n<input type=\"hidden\" name=\"user_agent\" value=\"Mozilla\/5.0 AppleWebKit\/537.36 (KHTML, like Gecko; compatible; ClaudeBot\/1.0; +claudebot@anthropic.com)\" \/>\n<input type=\"hidden\" name=\"uniid\" value=\"69fdc4ad6b839\" \/>\n<input type=\"hidden\" name=\"storage\" value=\"3180101\" \/>\n<div class=\"screen\" id=\"screen-1\">\n<div class=\"screen-element-block main-block form-element\" id=\"select_pozicka\">\n<label for=\"vyska_pozicky\" id=\"vyska_pozicky_label\" class=\"element_label\"> <span id=\"vyska_pozicky_label_text\">V\u00fd\u0161ka p\u00f4\u017ei\u010dky<\/span><\/label>\n<div class=\"screen-element\" id=\"vyska_pozicky_element\">\n<select id=\"vyska_pozicky\" class=\"form-control\" name=\"ziadost:vyska_pozicky\">\n<option value=\"500\" >500 \u20ac<\/option>\n<option value=\"600\" >600 \u20ac<\/option>\n<option value=\"700\" >700 \u20ac<\/option>\n<option value=\"800\" >800 \u20ac<\/option>\n<option value=\"900\" >900 \u20ac<\/option>\n<option value=\"1000\" >1000 \u20ac<\/option>\n<option value=\"1100\" >1100 \u20ac<\/option>\n<option value=\"1200\" >1200 \u20ac<\/option>\n<option value=\"1300\" >1300 \u20ac<\/option>\n<option value=\"1400\" >1400 \u20ac<\/option>\n<option value=\"1500\" >1500 \u20ac<\/option>\n<option value=\"1600\" >1600 \u20ac<\/option>\n<option value=\"1700\" >1700 \u20ac<\/option>\n<option value=\"1800\" >1800 \u20ac<\/option>\n<option value=\"2000\" >2000 \u20ac<\/option>\n<option value=\"2200\" >2200 \u20ac<\/option>\n<option value=\"2400\" >2400 \u20ac<\/option>\n<option value=\"2600\" >2600 \u20ac<\/option>\n<option value=\"2800\" >2800 \u20ac<\/option>\n<option value=\"3000\" >3000 \u20ac<\/option>\n<option value=\"3200\" >3200 \u20ac<\/option>\n<option value=\"3400\" >3400 \u20ac<\/option>\n<option value=\"3600\" >3600 \u20ac<\/option>\n<option value=\"3800\" >3800 \u20ac<\/option>\n<option value=\"4000\" >4000 \u20ac<\/option>\n<option value=\"4200\" >4200 \u20ac<\/option>\n<option value=\"4400\" >4400 \u20ac<\/option>\n<option value=\"4600\" >4600 \u20ac<\/option>\n<option value=\"4800\" >4800 \u20ac<\/option>\n<option value=\"5000\" >5000 \u20ac<\/option>\n<option value=\"5200\" >5200 \u20ac<\/option>\n<option value=\"5400\" >5400 \u20ac<\/option>\n<option value=\"5600\" >5600 \u20ac<\/option>\n<option value=\"5800\" >5800 \u20ac<\/option>\n<option value=\"6000\" >6000 \u20ac<\/option>\n<option value=\"7000\" >7000 \u20ac<\/option>\n<option value=\"8000\" >8000 \u20ac<\/option>\n<option value=\"9000\" >9000 \u20ac<\/option>\n<option value=\"10000\" >10000 \u20ac<\/option>\n<\/select>\n<\/div>\n<\/div>\n<div class=\"screen-element-block main-block form-element\" id=\"text_meno\">\n<label for=\"meno\" id=\"meno_label\" class=\"element_label\"> <span id=\"meno_label_text\">Meno<\/span><\/label>\n<div class=\"screen-element\">\n<input class=\"element\" name=\"ziadost:meno\" type=\"text\" id=\"meno\" placeholder=\"\" value=\"\" \/>\n<\/div>\n<\/div>\n<div class=\"screen-element-block main-block form-element\" id=\"text_priezvisko\">\n<label for=\"priezvisko\" id=\"priezvisko_label\" class=\"element_label\"> <span id=\"priezvisko_label_text\">Priezvisko<\/span><\/label>\n<div class=\"screen-element\">\n<input class=\"element\" name=\"ziadost:priezvisko\" type=\"text\" id=\"priezvisko\" placeholder=\"\" value=\"\" \/>\n<\/div>\n<\/div>\n<div class=\"screen-element-block main-block form-element\" id=\"text_rodne_cislo\" title=\"Zadajte bez lom\u00edtka\">\n<label for=\"rodne_cislo\" id=\"rodne_cislo_label\" class=\"element_label\"> <span id=\"rodne_cislo_label_text\">Rodn\u00e9 \u010d\u00edslo<\/span><\/label>\n<div class=\"screen-element\">\n<input class=\"element\" name=\"ziadost:rodne_cislo\" type=\"text\" id=\"rodne_cislo\" placeholder=\"\" value=\"\" \/>\n<\/div>\n<\/div>\n<div class=\"screen-element-block main-block form-element\" id=\"text_trvala_psc\">\n<label for=\"trvala_psc\" id=\"trvala_psc_label\" class=\"element_label\"> <span id=\"trvala_psc_label_text\">PS\u010c<\/span><\/label>\n<div class=\"screen-element\">\n<input class=\"element\" name=\"ziadost:trvala_psc\" type=\"text\" id=\"trvala_psc\" placeholder=\"\" value=\"\" \/>\n<\/div>\n<\/div>\n<div class=\"screen-element-block main-block form-element\" id=\"select_pracovne_zaradenie\">\n<label for=\"pracovne_zaradenie\" id=\"pracovne_zaradenie_label\" class=\"element_label\"> <span id=\"pracovne_zaradenie_label_text\">Pracovn\u00e9 zaradenie<\/span><\/label>\n<div class=\"screen-element\" id=\"pracovne_zaradenie_element\">\n<select id=\"pracovne_zaradenie\" class=\"form-control\" name=\"ziadost:pracovne_zaradenie\">\n<option selected=\"selected\" value=\"-1\"  disabled >&raquo; Vyberte &laquo;<\/option>\n<option value=\"2\" >Zamestnanec na Slovensku<\/option>\n<option value=\"3\" >Zamestnanec v zahrani\u010d\u00ed<\/option>\n<option value=\"4\" >Fyzick\u00e1 osoba - podnikate\u013e<\/option>\n<option value=\"1\" >\u0160t\u00e1tny zamestnanec<\/option>\n<option value=\"5\" >Starobn\u00fd d\u00f4chodca<\/option>\n<option value=\"7\" >V\u00fdsluhov\u00fd d\u00f4chodca<\/option>\n<option value=\"6\" >Invalidn\u00fd d\u00f4chodca<\/option>\n<option value=\"8\" >Opatrovate\u013eka v SR<\/option>\n<option value=\"13\" >Opatrovate\u013eka v Rak\u00fasku<\/option>\n<option value=\"11\" >\u0160tudent<\/option>\n<option value=\"10\" >Matersk\u00e1 dovolenka<\/option>\n<option value=\"12\" >Osoba v dom\u00e1cnosti<\/option>\n<option value=\"9\" >Nezamestnan\u00fd<\/option>\n<\/select>\n<\/div>\n<\/div>\n<div class=\"screen-element-block main-block form-element\" id=\"text_prijem\" title=\"Zadajte sumu v EUR\">\n<label for=\"prijem\" id=\"prijem_label\" class=\"element_label\"> <span id=\"prijem_label_text\">Prijem<\/span><\/label>\n<div class=\"screen-element inner-addon right-addon\">\n<span class=\"euro\">\u20ac<\/span><input class=\"element\" name=\"ziadost:prijem\" type=\"text\" id=\"prijem\" placeholder=\"\" value=\"\" \/>\n<\/div>\n<\/div>\n<div class=\"screen-element-block main-block form-element\" id=\"text_rocny_obrat\" title=\"Zadajte sumu v EUR\">\n<label for=\"rocny_obrat\" id=\"rocny_obrat_label\" class=\"element_label\"> <span id=\"rocny_obrat_label_text\">Ro\u010dn\u00fd obrat<\/span><\/label>\n<div class=\"screen-element inner-addon right-addon\">\n<span class=\"euro\">\u20ac<\/span><input class=\"element\" name=\"ziadost:rocny_obrat\" type=\"text\" id=\"rocny_obrat\" placeholder=\"\" value=\"\" \/>\n<\/div>\n<\/div>\n<div class=\"screen-element-block main-block form-element\" id=\"text_ico\">\n<label for=\"ico\" id=\"ico_label\" class=\"element_label\"> <span id=\"ico_label_text\">I\u010cO<\/span><\/label>\n<div class=\"screen-element\">\n<input class=\"element\" name=\"ziadost:ico\" type=\"text\" id=\"ico\" placeholder=\"\" value=\"\" \/>\n<\/div>\n<\/div>\n<div class=\"screen-element-block main-block form-element\" id=\"text_obchodny_nazov\">\n<label for=\"obchodny_nazov\" id=\"obchodny_nazov_label\" class=\"element_label\"> <span id=\"obchodny_nazov_label_text\">Obchodn\u00e9 meno<\/span><\/label>\n<div class=\"screen-element\">\n<input class=\"element\" name=\"ziadost:obchodny_nazov\" type=\"text\" id=\"obchodny_nazov\" placeholder=\"\" value=\"\" \/>\n<\/div>\n<\/div>\n<div class=\"screen-element-block main-block form-element\" id=\"select_exekucia\">\n<label for=\"exekucia\" id=\"exekucia_label\" class=\"element_label\"> <span id=\"exekucia_label_text\">Je vo\u010di V\u00e1m veden\u00e1 exek\u00facia?<\/span><\/label>\n<div class=\"screen-element\" id=\"exekucia_element\">\n<select id=\"exekucia\" class=\"form-control\" name=\"ziadost:exekucia\">\n<option selected=\"selected\" value=\"-1\"  disabled >&raquo; Vyberte &laquo;<\/option>\n<option value=\"1\" >\u00c1no<\/option>\n<option value=\"0\" >Nie<\/option>\n<option value=\"2\" >Neviem<\/option>\n<\/select>\n<\/div>\n<\/div>\n<div class=\"screen-element-block main-block form-element\" id=\"select_dlzka_podnikania\">\n<label for=\"dlzka_podnikania\" id=\"dlzka_podnikania_label\" class=\"element_label\"> <span id=\"dlzka_podnikania_label_text\">D\u013a\u017eka podnikania<\/span><\/label>\n<div class=\"screen-element\" id=\"dlzka_podnikania_element\">\n<select id=\"dlzka_podnikania\" class=\"form-control\" name=\"ziadost:dlzka_podnikania\">\n<option selected=\"selected\" value=\"-1\"  disabled >&raquo; Vyberte &laquo;<\/option>\n<option value=\"menej6\" >Menej ako rok<\/option>\n<option value=\"6viac\" >Viac ako rok<\/option>\n<\/select>\n<\/div>\n<\/div>\n<div class=\"screen-element-block main-block form-element\" id=\"text_telefon\" title=\"Na uveden\u00e9 \u010d\u00edslo V\u00e1m zavol\u00e1me a \u017eiados\u0165 dokon\u010d\u00edme telefonicky\">\n<label for=\"telefon_2\" id=\"telefon_2_label\" class=\"element_label\"> <span id=\"telefon_2_label_text\">Telef\u00f3n<\/span><\/label>\n<div class=\"screen-element\">\n<input class=\"element\" name=\"ziadost:telefon_2\" type=\"text\" id=\"telefon_2\" placeholder=\"\" value=\"\" \/>\n<\/div>\n<\/div>\n<div class=\"screen-element-block main-block form-element\" id=\"text_email\">\n<label for=\"email\" id=\"email_label\" class=\"element_label\"> <span id=\"email_label_text\">E-mail<\/span><\/label>\n<div class=\"screen-element\">\n<input class=\"element\" name=\"ziadost:email\" type=\"text\" id=\"email\" placeholder=\"\"  value=\"\" \/>\n<\/div>\n<\/div>\n<div class=\"screen-element-block main-block form-element\" id=\"block_check_typy_ziadosti\"  style=\"display:none\">\n<div class=\"screen-element\" id=\"typy_ziadosti_element\">\n<label for=\"typy_ziadosti\" id=\"typy_ziadosti_label\" class=\"element_label\"> <span id=\"typy_ziadosti_label_text\">Typy \u017eiadost\u00ed<\/span><\/label>\n<div>\n<input class=\"element\" name=\"typy_ziadosti[]\" type=\"checkbox\" id=\"typy_ziadosti_108\" value=\"108\" checked=\"checked\" \/>\n<\/div>\n<div>\n<input class=\"element\" name=\"typy_ziadosti[]\" type=\"checkbox\" id=\"typy_ziadosti_355\" value=\"355\" checked=\"checked\" \/>\n<\/div>\n<\/div>\n<\/div>\n<div class=\"screen-element-block main-block form_element\" id=\"statement_vyhlasenie\">\n<script type=\"text\/javascript\">\n            function newPopup(url) {\n            popupWindow = window.open(\n                    url,'popUpWindow','height=350,width=800,left=10,top=10,resizable=yes,scrollbars=yes,toolbar=no,menubar=no,location=no,directories=no,status=no')\n            }\n        <\/script><p id=\"p_vyhlasenie_mark_tm\"><input class=\"check_vyhlasenie\" type=\"checkbox\" name=\"vyhlasenie_mark_tm\" id=\"sm\" value=\"1\" >S\u00fahlas\u00edm s&nbsp;<a href=\"JavaScript: newPopup('https:\/\/www.totalmoney.sk\/forms\/221\/statement\/full\/mark_tm');\">marketingov\u00fdm osloven\u00edm<\/a> spolo\u010dnos\u0165ou TotalMoney, s.r.o. v pr\u00edpade, ak e\u0161te nie som klientom spolo\u010dnosti.<\/p><p id=\"p_vyhlasenie_general\"><input type=\"hidden\" name=\"vyhlasenie_general\" id=\"g\" value=\"1\">Potvrdzujem, \u017ee som sa obozn\u00e1mil s inform\u00e1ciami o sprac\u00favan\u00ed osobn\u00fdch \u00fadajov <a href=\"https:\/\/setrisova.sk\/informacie-o-spracuvani-osobnych-udajov\" target=\"_blank\">tu<\/a><\/p><\/div><div class=\"screen-element-block main-block submit\" id=\"submit_odoslat\">\n<button type=\"submit\" class=\"submit_button\" name=\"odoslat\">Odosla\u0165&nbsp;&nbsp;<i class=\"fa fa-angle-double-right\"><\/i><\/button>\n<\/div>\n<div class=\"screen-element-block main-block html\" id=\"statement_vyhlasenie\">\n<p class=\"formular__ziadost__inner__formular__vyhlasenia__element fin__info clearfix\"><a href=\"https:\/\/setrisova.sk\/informacie-o-financnom-sprostredkovani\" target=\"_blank\">Sprostredkovate\u013eom<\/a> je TotalMoney s.r.o., Levo\u010dsk\u00e1 866, 058 01 Poprad, zap\u00edsan\u00e1 v registri SFA NBS \u010d. 127292, rozhodnutie \u010d. ODT-10934\/2010, I\u010cO: 456 57 122, DI\u010c: 2023080444, I\u010c DPH: SK2023080444.<\/p><\/div>\n<\/div>\n<\/form>\n<\/div>\n\n","protected":false},"excerpt":{"rendered":"","protected":false},"author":2,"featured_media":0,"parent":0,"menu_order":0,"comment_status":"closed","ping_status":"closed","template":"","meta":{"footnotes":""},"class_list":["post-12","page","type-page","status-publish","hentry"],"_links":{"self":[{"href":"https:\/\/letnyuver.sk\/index.php?rest_route=\/wp\/v2\/pages\/12","targetHints":{"allow":["GET"]}}],"collection":[{"href":"https:\/\/letnyuver.sk\/index.php?rest_route=\/wp\/v2\/pages"}],"about":[{"href":"https:\/\/letnyuver.sk\/index.php?rest_route=\/wp\/v2\/types\/page"}],"author":[{"embeddable":true,"href":"https:\/\/letnyuver.sk\/index.php?rest_route=\/wp\/v2\/users\/2"}],"replies":[{"embeddable":true,"href":"https:\/\/letnyuver.sk\/index.php?rest_route=%2Fwp%2Fv2%2Fcomments&post=12"}],"version-history":[{"count":2,"href":"https:\/\/letnyuver.sk\/index.php?rest_route=\/wp\/v2\/pages\/12\/revisions"}],"predecessor-version":[{"id":15,"href":"https:\/\/letnyuver.sk\/index.php?rest_route=\/wp\/v2\/pages\/12\/revisions\/15"}],"wp:attachment":[{"href":"https:\/\/letnyuver.sk\/index.php?rest_route=%2Fwp%2Fv2%2Fmedia&parent=12"}],"curies":[{"name":"wp","href":"https:\/\/api.w.org\/{rel}","templated":true}]}}